{"id":101,"date":"2020-10-15T16:40:36","date_gmt":"2020-10-15T14:40:36","guid":{"rendered":"http:\/\/vidabra.dns-spain.com\/?page_id=101"},"modified":"2020-10-15T16:40:36","modified_gmt":"2020-10-15T14:40:36","slug":"technology","status":"publish","type":"page","link":"https:\/\/vidabra.es\/en\/technology\/","title":{"rendered":"Technology"},"content":{"rendered":"","protected":false},"excerpt":{"rendered":"","protected":false},"author":1,"featured_media":0,"parent":0,"menu_order":0,"comment_status":"closed","ping_status":"closed","template":"page-tecnologia.php","meta":[],"yoast_head":"<!-- This site is optimized with the Yoast SEO plugin v15.1.1 - https:\/\/yoast.com\/wordpress\/plugins\/seo\/ -->\n<title>VIDABRA | con tecnolog\u00eda Regenactiv\u00ae<\/title>\n<meta name=\"description\" content=\"Regenactiv\u00ae es la tecnolog\u00eda basada en la interacci\u00f3n de dos hilos que, tejidos entre s\u00ed, confieren a las prendas MUVU sus cualidades protectoras.\" \/>\n<meta name=\"robots\" content=\"index, follow, max-snippet:-1, max-image-preview:large, max-video-preview:-1\" \/>\n<link rel=\"canonical\" href=\"https:\/\/vidabra.es\/en\/technology\/\" \/>\n<meta property=\"og:locale\" content=\"en_US\" \/>\n<meta property=\"og:type\" content=\"article\" \/>\n<meta property=\"og:title\" content=\"VIDABRA | con tecnolog\u00eda Regenactiv\u00ae\" \/>\n<meta property=\"og:description\" content=\"Regenactiv\u00ae es la tecnolog\u00eda basada en la interacci\u00f3n de dos hilos que, tejidos entre s\u00ed, confieren a las prendas MUVU sus cualidades protectoras.\" \/>\n<meta property=\"og:url\" content=\"https:\/\/vidabra.es\/en\/technology\/\" \/>\n<meta property=\"og:site_name\" content=\"VIDABRA by MUVU.\" \/>\n<meta name=\"twitter:card\" content=\"summary_large_image\" \/>\n<script type=\"application\/ld+json\" class=\"yoast-schema-graph\">{\"@context\":\"https:\/\/schema.org\",\"@graph\":[{\"@type\":\"WebSite\",\"@id\":\"https:\/\/vidabra.es\/en\/#website\",\"url\":\"https:\/\/vidabra.es\/en\/\",\"name\":\"VIDABRA by MUVU.\",\"description\":\"Top Radioterapia\",\"potentialAction\":[{\"@type\":\"SearchAction\",\"target\":\"https:\/\/vidabra.es\/en\/?s={search_term_string}\",\"query-input\":\"required name=search_term_string\"}],\"inLanguage\":\"en-US\"},{\"@type\":\"WebPage\",\"@id\":\"https:\/\/vidabra.es\/en\/technology\/#webpage\",\"url\":\"https:\/\/vidabra.es\/en\/technology\/\",\"name\":\"VIDABRA | con tecnolog\\u00eda Regenactiv\\u00ae\",\"isPartOf\":{\"@id\":\"https:\/\/vidabra.es\/en\/#website\"},\"datePublished\":\"2020-10-15T14:40:36+00:00\",\"dateModified\":\"2020-10-15T14:40:36+00:00\",\"description\":\"Regenactiv\\u00ae es la tecnolog\\u00eda basada en la interacci\\u00f3n de dos hilos que, tejidos entre s\\u00ed, confieren a las prendas MUVU sus cualidades protectoras.\",\"inLanguage\":\"en-US\",\"potentialAction\":[{\"@type\":\"ReadAction\",\"target\":[\"https:\/\/vidabra.es\/en\/technology\/\"]}]}]}<\/script>\n<!-- \/ Yoast SEO plugin. -->","_links":{"self":[{"href":"https:\/\/vidabra.es\/en\/wp-json\/wp\/v2\/pages\/101\/"}],"collection":[{"href":"https:\/\/vidabra.es\/en\/wp-json\/wp\/v2\/pages\/"}],"about":[{"href":"https:\/\/vidabra.es\/en\/wp-json\/wp\/v2\/types\/page\/"}],"author":[{"embeddable":true,"href":"https:\/\/vidabra.es\/en\/wp-json\/wp\/v2\/users\/1\/"}],"replies":[{"embeddable":true,"href":"https:\/\/vidabra.es\/en\/wp-json\/wp\/v2\/comments\/?post=101"}],"version-history":[{"count":1,"href":"https:\/\/vidabra.es\/en\/wp-json\/wp\/v2\/pages\/101\/revisions\/"}],"predecessor-version":[{"id":102,"href":"https:\/\/vidabra.es\/en\/wp-json\/wp\/v2\/pages\/101\/revisions\/102\/"}],"wp:attachment":[{"href":"https:\/\/vidabra.es\/en\/wp-json\/wp\/v2\/media\/?parent=101"}],"curies":[{"name":"wp","href":"https:\/\/api.w.org\/{rel}","templated":true}]}}