{"id":97,"date":"2020-10-15T16:36:34","date_gmt":"2020-10-15T14:36:34","guid":{"rendered":"http:\/\/vidabra.dns-spain.com\/?page_id=97"},"modified":"2020-10-15T16:36:34","modified_gmt":"2020-10-15T14:36:34","slug":"home","status":"publish","type":"page","link":"https:\/\/vidabra.es\/en\/","title":{"rendered":"Home"},"content":{"rendered":"","protected":false},"excerpt":{"rendered":"","protected":false},"author":1,"featured_media":0,"parent":0,"menu_order":0,"comment_status":"closed","ping_status":"closed","template":"page-home.php","meta":[],"yoast_head":"<!-- This site is optimized with the Yoast SEO plugin v15.1.1 - https:\/\/yoast.com\/wordpress\/plugins\/seo\/ -->\n<title>VIDABRA | Top para Radioterapia.<\/title>\n<meta name=\"description\" content=\"El top sujetador Vidabra ha sido pensado y dise\u00f1ado por expertos como complemento a las sesiones de radioterapia con el objetivo de respetar el retorno venoso propio sin presentar car\u00e1cter compresivo. El top se confecciona con un hilado el\u00e1stico en todo su entramado dot\u00e1ndola de una suave adaptabilidad, sujetando sin oprimir.\" \/>\n<meta name=\"robots\" content=\"index, follow, max-snippet:-1, max-image-preview:large, max-video-preview:-1\" \/>\n<link rel=\"canonical\" href=\"https:\/\/vidabra.es\/en\/home\/\" \/>\n<meta property=\"og:locale\" content=\"en_US\" \/>\n<meta property=\"og:type\" content=\"article\" \/>\n<meta property=\"og:title\" content=\"VIDABRA | Top para Radioterapia.\" \/>\n<meta property=\"og:description\" content=\"El top sujetador Vidabra ha sido pensado y dise\u00f1ado por expertos como complemento a las sesiones de radioterapia con el objetivo de respetar el retorno venoso propio sin presentar car\u00e1cter compresivo. El top se confecciona con un hilado el\u00e1stico en todo su entramado dot\u00e1ndola de una suave adaptabilidad, sujetando sin oprimir.\" \/>\n<meta property=\"og:url\" content=\"https:\/\/vidabra.es\/en\/home\/\" \/>\n<meta property=\"og:site_name\" content=\"VIDABRA by MUVU.\" \/>\n<meta name=\"twitter:card\" content=\"summary_large_image\" \/>\n<script type=\"application\/ld+json\" class=\"yoast-schema-graph\">{\"@context\":\"https:\/\/schema.org\",\"@graph\":[{\"@type\":\"WebSite\",\"@id\":\"https:\/\/vidabra.es\/en\/#website\",\"url\":\"https:\/\/vidabra.es\/en\/\",\"name\":\"VIDABRA by MUVU.\",\"description\":\"Top Radioterapia\",\"potentialAction\":[{\"@type\":\"SearchAction\",\"target\":\"https:\/\/vidabra.es\/en\/?s={search_term_string}\",\"query-input\":\"required name=search_term_string\"}],\"inLanguage\":\"en-US\"},{\"@type\":\"WebPage\",\"@id\":\"https:\/\/vidabra.es\/en\/home\/#webpage\",\"url\":\"https:\/\/vidabra.es\/en\/home\/\",\"name\":\"VIDABRA | Top para Radioterapia.\",\"isPartOf\":{\"@id\":\"https:\/\/vidabra.es\/en\/#website\"},\"datePublished\":\"2020-10-15T14:36:34+00:00\",\"dateModified\":\"2020-10-15T14:36:34+00:00\",\"description\":\"El top sujetador Vidabra ha sido pensado y dise\\u00f1ado por expertos como complemento a las sesiones de radioterapia con el objetivo de respetar el retorno venoso propio sin presentar car\\u00e1cter compresivo. El top se confecciona con un hilado el\\u00e1stico en todo su entramado dot\\u00e1ndola de una suave adaptabilidad, sujetando sin oprimir.\",\"inLanguage\":\"en-US\",\"potentialAction\":[{\"@type\":\"ReadAction\",\"target\":[\"https:\/\/vidabra.es\/en\/home\/\"]}]}]}<\/script>\n<!-- \/ Yoast SEO plugin. -->","_links":{"self":[{"href":"https:\/\/vidabra.es\/en\/wp-json\/wp\/v2\/pages\/97\/"}],"collection":[{"href":"https:\/\/vidabra.es\/en\/wp-json\/wp\/v2\/pages\/"}],"about":[{"href":"https:\/\/vidabra.es\/en\/wp-json\/wp\/v2\/types\/page\/"}],"author":[{"embeddable":true,"href":"https:\/\/vidabra.es\/en\/wp-json\/wp\/v2\/users\/1\/"}],"replies":[{"embeddable":true,"href":"https:\/\/vidabra.es\/en\/wp-json\/wp\/v2\/comments\/?post=97"}],"version-history":[{"count":1,"href":"https:\/\/vidabra.es\/en\/wp-json\/wp\/v2\/pages\/97\/revisions\/"}],"predecessor-version":[{"id":98,"href":"https:\/\/vidabra.es\/en\/wp-json\/wp\/v2\/pages\/97\/revisions\/98\/"}],"wp:attachment":[{"href":"https:\/\/vidabra.es\/en\/wp-json\/wp\/v2\/media\/?parent=97"}],"curies":[{"name":"wp","href":"https:\/\/api.w.org\/{rel}","templated":true}]}}