{"id":99,"date":"2020-10-15T16:38:26","date_gmt":"2020-10-15T14:38:26","guid":{"rendered":"http:\/\/vidabra.dns-spain.com\/?page_id=99"},"modified":"2020-10-15T16:38:26","modified_gmt":"2020-10-15T14:38:26","slug":"about-us","status":"publish","type":"page","link":"https:\/\/vidabra.es\/en\/about-us\/","title":{"rendered":"About Us"},"content":{"rendered":"","protected":false},"excerpt":{"rendered":"","protected":false},"author":1,"featured_media":0,"parent":0,"menu_order":0,"comment_status":"closed","ping_status":"closed","template":"page-nosotros.php","meta":[],"yoast_head":"<!-- This site is optimized with the Yoast SEO plugin v15.1.1 - https:\/\/yoast.com\/wordpress\/plugins\/seo\/ -->\n<title>VIDABRA | Nosotros<\/title>\n<meta name=\"description\" content=\"Vidabra es el primer top dise\u00f1ado y validado cl\u00ednicamente, espec\u00edfico para la prevenci\u00f3n de toxicidad cut\u00e1nea aguda mamaria radioinducida.\" \/>\n<meta name=\"robots\" content=\"index, follow, max-snippet:-1, max-image-preview:large, max-video-preview:-1\" \/>\n<link rel=\"canonical\" href=\"https:\/\/vidabra.es\/en\/about-us\/\" \/>\n<meta property=\"og:locale\" content=\"en_US\" \/>\n<meta property=\"og:type\" content=\"article\" \/>\n<meta property=\"og:title\" content=\"VIDABRA | Nosotros\" \/>\n<meta property=\"og:description\" content=\"Vidabra es el primer top dise\u00f1ado y validado cl\u00ednicamente, espec\u00edfico para la prevenci\u00f3n de toxicidad cut\u00e1nea aguda mamaria radioinducida.\" \/>\n<meta property=\"og:url\" content=\"https:\/\/vidabra.es\/en\/about-us\/\" \/>\n<meta property=\"og:site_name\" content=\"VIDABRA by MUVU.\" \/>\n<meta name=\"twitter:card\" content=\"summary_large_image\" \/>\n<script type=\"application\/ld+json\" class=\"yoast-schema-graph\">{\"@context\":\"https:\/\/schema.org\",\"@graph\":[{\"@type\":\"WebSite\",\"@id\":\"https:\/\/vidabra.es\/en\/#website\",\"url\":\"https:\/\/vidabra.es\/en\/\",\"name\":\"VIDABRA by MUVU.\",\"description\":\"Top Radioterapia\",\"potentialAction\":[{\"@type\":\"SearchAction\",\"target\":\"https:\/\/vidabra.es\/en\/?s={search_term_string}\",\"query-input\":\"required name=search_term_string\"}],\"inLanguage\":\"en-US\"},{\"@type\":\"WebPage\",\"@id\":\"https:\/\/vidabra.es\/en\/about-us\/#webpage\",\"url\":\"https:\/\/vidabra.es\/en\/about-us\/\",\"name\":\"VIDABRA | Nosotros\",\"isPartOf\":{\"@id\":\"https:\/\/vidabra.es\/en\/#website\"},\"datePublished\":\"2020-10-15T14:38:26+00:00\",\"dateModified\":\"2020-10-15T14:38:26+00:00\",\"description\":\"Vidabra es el primer top dise\\u00f1ado y validado cl\\u00ednicamente, espec\\u00edfico para la prevenci\\u00f3n de toxicidad cut\\u00e1nea aguda mamaria radioinducida.\",\"inLanguage\":\"en-US\",\"potentialAction\":[{\"@type\":\"ReadAction\",\"target\":[\"https:\/\/vidabra.es\/en\/about-us\/\"]}]}]}<\/script>\n<!-- \/ Yoast SEO plugin. -->","_links":{"self":[{"href":"https:\/\/vidabra.es\/en\/wp-json\/wp\/v2\/pages\/99\/"}],"collection":[{"href":"https:\/\/vidabra.es\/en\/wp-json\/wp\/v2\/pages\/"}],"about":[{"href":"https:\/\/vidabra.es\/en\/wp-json\/wp\/v2\/types\/page\/"}],"author":[{"embeddable":true,"href":"https:\/\/vidabra.es\/en\/wp-json\/wp\/v2\/users\/1\/"}],"replies":[{"embeddable":true,"href":"https:\/\/vidabra.es\/en\/wp-json\/wp\/v2\/comments\/?post=99"}],"version-history":[{"count":1,"href":"https:\/\/vidabra.es\/en\/wp-json\/wp\/v2\/pages\/99\/revisions\/"}],"predecessor-version":[{"id":100,"href":"https:\/\/vidabra.es\/en\/wp-json\/wp\/v2\/pages\/99\/revisions\/100\/"}],"wp:attachment":[{"href":"https:\/\/vidabra.es\/en\/wp-json\/wp\/v2\/media\/?parent=99"}],"curies":[{"name":"wp","href":"https:\/\/api.w.org\/{rel}","templated":true}]}}